{"id":9828,"date":"2023-06-28T08:48:23","date_gmt":"2023-06-28T08:48:23","guid":{"rendered":"https:\/\/www.idocta.be\/canon-imageprograf-tx-serie-all-in-one\/"},"modified":"2025-04-07T19:11:28","modified_gmt":"2025-04-07T19:11:28","slug":"canon-imageprograf-tx-serie-all-in-one","status":"publish","type":"page","link":"https:\/\/speelveld.idocta.be\/fr\/canon-lfp-imageprograf-tx-serie\/canon-imageprograf-tx-serie-all-in-one\/","title":{"rendered":"Canon imagePROGRAF TX series all-in-one"},"content":{"rendered":"<h4>\n\t\t\t\tAper\u00e7u de la page\t\t\t<\/h4>\n<h1>Canon imagePROGRAF TX series all-in-one<\/h1>\n<h2>imagePROGRAF TX-3200 MFP Z36<\/h2>\n<h3>36 pouces \u00e0 grande vitesse  <\/h3>\n<p>Dans la <strong>s\u00e9rie des tout-en-un <\/strong> <strong>Canon<\/strong> <strong>imagePROGRAF TX <\/strong>, vous trouverez la<strong> 3200 <\/strong>. Elle vous permet d&rsquo;imprimer jusqu&rsquo;\u00e0 3,3 ppm. Parfaite pour la <strong>CAO, les SIG et les affiches.<\/strong>  <\/p>\n<p><strong> <\/strong><\/p>\n<p>Pour la premi\u00e8re fois sur un mod\u00e8le de <strong>36 pouces<\/strong>, il y a une option pour fournir une <strong>deuxi\u00e8me unit\u00e9 de rouleaux.<\/strong> Cela permet une commutation automatique. <\/p>\n<p>En raison de la forte demande de solutions <strong>tout-en-un<\/strong> pour la copie et la num\u00e9risation de dessins et de plans, l&rsquo;imagePROGRAF TX s\u00e9rie 3200 MFP Z36 est \u00e9quip\u00e9e des nouveaux <strong>scanners Z36 <\/strong> int\u00e9gr\u00e9s.  <\/p>\n<p><a href=\"https:\/\/speelveld.idocta.be\/wp-content\/uploads\/2025\/01\/Canon_TX3200_Z36_Datasheet_NL.pdf\">Fiche technique Canon imagePROGRAF TX-3200 MFP Z36<\/a><\/p>\n<p>\t\t\t\t\t\t\t\t\t\t\t\t\t\t\t<img fetchpriority=\"high\" decoding=\"async\" width=\"768\" height=\"576\" src=\"https:\/\/speelveld.idocta.be\/wp-content\/uploads\/2023\/12\/TX-3100MFP_01fv_1rollbsk_E-768x576.jpg\" alt=\"Canon imagePROGRAF TX-serie all-in-one\" srcset=\"https:\/\/speelveld.idocta.be\/wp-content\/uploads\/2023\/12\/TX-3100MFP_01fv_1rollbsk_E-768x576.jpg 768w, https:\/\/speelveld.idocta.be\/wp-content\/uploads\/2023\/12\/TX-3100MFP_01fv_1rollbsk_E-300x225.jpg 300w, https:\/\/speelveld.idocta.be\/wp-content\/uploads\/2023\/12\/TX-3100MFP_01fv_1rollbsk_E-1024x768.jpg 1024w, https:\/\/speelveld.idocta.be\/wp-content\/uploads\/2023\/12\/TX-3100MFP_01fv_1rollbsk_E.jpg 1280w\" sizes=\"(max-width: 768px) 100vw, 768px\" \/>\t\t\t\t\t\t\t\t\t\t\t\t\t\t\t<\/p>\n<figure><img decoding=\"async\" src=\"https:\/\/speelveld.idocta.be\/wp-content\/uploads\/elementor\/thumbs\/TX-3100MFP_04rs_2rollsbsk-qh1oy51i8amxtezakupv7u4yuwb13sebbjjn6ljbwg.jpg\" alt=\"Canon imagePROGRAF TX-serie all-on-one\" \/><\/figure>\n<figure><img decoding=\"async\" src=\"https:\/\/speelveld.idocta.be\/wp-content\/uploads\/elementor\/thumbs\/TX-3100MFP_01fv_2rollsbsk_E-qh1oxn6kmfyhotp8h4zyegn7kkr21jfex35f2c9t6o.jpg\" alt=\"Canon imagePROGRAF TX-serie all-on-one\" \/><\/figure>\n<figure><img decoding=\"async\" src=\"https:\/\/speelveld.idocta.be\/wp-content\/uploads\/elementor\/thumbs\/TX-3100MFP_04rs_1rollstk-qh1oxstlrg67mhh1k7fptf7z4vz9bq1sxv2by01g5c.jpg\" alt=\"Canon imagePROGRAF TX-serie all-on-one\" \/><\/figure>\n<figure><img decoding=\"async\" src=\"https:\/\/speelveld.idocta.be\/wp-content\/uploads\/elementor\/thumbs\/TX-3100MFP_04rs_1rollsbsk_E-qh1oxygmwgdxk58un9vh8dsqp77glwo6ymz8tnt340.jpg\" alt=\"Canon imagePROGRAF TX-serie all-on-one\" \/><\/figure>\n<figure><img decoding=\"async\" src=\"https:\/\/speelveld.idocta.be\/wp-content\/uploads\/elementor\/thumbs\/TX-3100MFP_04rs_2rollsbsk-qh1oy51i8amxtezakupv7u4yuwb13sebbjjn6ljbwg.jpg\" alt=\"Canon imagePROGRAF TX-serie all-on-one\" \/><\/figure>\n<h2>imagePROGRAF TX series all-in-one<\/h2>\n<p>L&rsquo;impression et la num\u00e9risation simultan\u00e9es et les r\u00e9servoirs d&rsquo;encre rempla\u00e7ables \u00e0 chaud garantissent une productivit\u00e9 accrue. Il est possible d&rsquo;imprimer sur toutes les largeurs de support sans bordure blanche. <\/p>\n<\/p>\n<p>D&rsquo;une rapidit\u00e9 et d&rsquo;une pr\u00e9cision sans pr\u00e9c\u00e9dent, cette derni\u00e8re s\u00e9rie s&rsquo;appuie sur les technologies de base des mod\u00e8les imagePROGRAF pr\u00e9c\u00e9dents et utilise la <strong>5-couleur <\/strong>.  <\/p>\n<\/p>\n<p>En outre, iDocta offre un suivi et un service de qualit\u00e9 apr\u00e8s l&rsquo;installation. Avec un mot d&rsquo;explication, tout le monde peut commencer sans souci.   <\/p>\n<p><a href=\"https:\/\/speelveld.idocta.be\/wp-content\/uploads\/2023\/12\/LFP-Range-Brochure-2023_NL.pdf\">Fiche technique de la gamme ImagePROGRAF<\/a><\/p>\n<h2>imagePROGRAF TX-4200 MFP Z36<\/h2>\n<h3>Tout autour de 44 pouces<\/h3>\n<p>Dans la <strong>s\u00e9rie imagePROGRAF TX tout-en-un <\/strong>, vous trouverez \u00e9galement le<strong> TX-4200 <\/strong>. Cette s\u00e9rie se distingue par la technologie Colotrac SingleSensor, qui permet de num\u00e9riser des dessins techniques et des images avec une pr\u00e9cision constante et des d\u00e9tails \u00e9poustouflants. L&rsquo;<strong>impression et la num\u00e9risation simultan\u00e9es<\/strong> am\u00e9liorent encore l&rsquo;efficacit\u00e9 du flux de travail. <\/p>\n<p>Cette imprimante grand format s&rsquo;int\u00e8gre parfaitement dans les environnements de travail actifs.  <\/p>\n<p><a href=\"https:\/\/speelveld.idocta.be\/wp-content\/uploads\/2025\/01\/Canon_TX3200_Z36_Datasheet_NL.pdf\">Fiche technique Canon LFP imagePROGRAF TX-4100 MFP Z36<\/a><\/p>\n<p>\t\t\t\t\t\t\t\t\t\t\t\t\t\t\t<img decoding=\"async\" width=\"768\" height=\"576\" src=\"https:\/\/speelveld.idocta.be\/wp-content\/uploads\/2023\/12\/TX-4100MFP_01fv_2rollsstk_E-768x576.jpg\" alt=\"Canon imagePROGRAF TX-serie all-on-one\" srcset=\"https:\/\/speelveld.idocta.be\/wp-content\/uploads\/2023\/12\/TX-4100MFP_01fv_2rollsstk_E-768x576.jpg 768w, https:\/\/speelveld.idocta.be\/wp-content\/uploads\/2023\/12\/TX-4100MFP_01fv_2rollsstk_E-300x225.jpg 300w, https:\/\/speelveld.idocta.be\/wp-content\/uploads\/2023\/12\/TX-4100MFP_01fv_2rollsstk_E-1024x768.jpg 1024w, https:\/\/speelveld.idocta.be\/wp-content\/uploads\/2023\/12\/TX-4100MFP_01fv_2rollsstk_E.jpg 1280w\" sizes=\"(max-width: 768px) 100vw, 768px\" \/>\t\t\t\t\t\t\t\t\t\t\t\t\t\t\t<\/p>\n<figure><img decoding=\"async\" src=\"https:\/\/speelveld.idocta.be\/wp-content\/uploads\/elementor\/thumbs\/TX-4100MFP_01fv_2rollsstk_E-qh1q0d585qypyjgfddjom6vsizwe4o5ckqmhrouyv4.jpg\" alt=\"Canon imagePROGRAF TX-serie all-on-one\" \/><\/figure>\n<figure><img decoding=\"async\" src=\"https:\/\/speelveld.idocta.be\/wp-content\/uploads\/elementor\/thumbs\/TX-4100MFP_02fr_1rollstk_E-qh1q3rc8u7lzvuixjud6mc1pr363xbmgdjfm5ntse8.jpg\" alt=\"Canon imagePROGRAF TX-serie all-on-one\" \/><\/figure>\n<figure><img decoding=\"async\" src=\"https:\/\/speelveld.idocta.be\/wp-content\/uploads\/elementor\/thumbs\/TX-4100MFP_01fv_1rollbsk_E-1-qh1q40qmqjyv3y5a0yfgb9oboxvs2anrqtygyffuo0.jpg\" alt=\"Canon imagePROGRAF TX-serie all-on-one\" \/><\/figure>\n<figure><img decoding=\"async\" src=\"https:\/\/speelveld.idocta.be\/wp-content\/uploads\/elementor\/thumbs\/TX-4100MFP_01fv_2rollsstk_E-qh1q0d585qypyjgfddjom6vsizwe4o5ckqmhrouyv4.jpg\" alt=\"Canon imagePROGRAF TX-serie all-on-one\" \/><\/figure>\n<p>\t\t\t\t\t\t\t\t\t\t\t\t\t\t\t<img decoding=\"async\" width=\"326\" height=\"294\" src=\"https:\/\/speelveld.idocta.be\/wp-content\/uploads\/2023\/12\/TX-3100MFP_01fv_2rollsbsk_E-copy.webp\" alt=\"MFP Z36\" srcset=\"https:\/\/speelveld.idocta.be\/wp-content\/uploads\/2023\/12\/TX-3100MFP_01fv_2rollsbsk_E-copy.webp 326w, https:\/\/speelveld.idocta.be\/wp-content\/uploads\/2023\/12\/TX-3100MFP_01fv_2rollsbsk_E-copy-300x271.webp 300w\" sizes=\"(max-width: 326px) 100vw, 326px\" \/>\t\t\t\t\t\t\t\t\t\t\t\t\t\t\t<\/p>\n<p>Les nouveaux scanners Z36 sont compacts, l\u00e9gers et offrent un aspect neutre et une meilleure manipulation. Gr\u00e2ce \u00e0 un syst\u00e8me d&rsquo;\u00e9clairage \u00e0 double LED, l&rsquo;impression et la num\u00e9risation en parall\u00e8le sont plus faciles \u00e0 r\u00e9aliser.   <\/p>\n<ul>\n<li>\n\t\t\t\t\t\t\t\t\t\t\t<a href=\"\/\"><br \/>\n\t\t\t\t\t\t\t\t\t\tToutes les largeurs de support<br \/>\n\t\t\t\t\t\t\t\t\t\t\t<\/a>\n\t\t\t\t\t\t\t\t\t<\/li>\n<li>\n\t\t\t\t\t\t\t\t\t\t\t<a href=\"\/\"><br \/>\n\t\t\t\t\t\t\t\t\t\t3,3 ppm<br \/>\n\t\t\t\t\t\t\t\t\t\t\t<\/a>\n\t\t\t\t\t\t\t\t\t<\/li>\n<li>\n\t\t\t\t\t\t\t\t\t\t\t<a href=\"\/\"><br \/>\n\t\t\t\t\t\t\t\t\t\t5 couleurs r\u00e9sistantes aux intemp\u00e9ries<br \/>\n\t\t\t\t\t\t\t\t\t\t\t<\/a>\n\t\t\t\t\t\t\t\t\t<\/li>\n<li>\n\t\t\t\t\t\t\t\t\t\t\t<a href=\"\/\"><br \/>\n\t\t\t\t\t\t\t\t\t\tDouble alimentation en rouleaux<br \/>\n\t\t\t\t\t\t\t\t\t\t\t<\/a>\n\t\t\t\t\t\t\t\t\t<\/li>\n<li>\n\t\t\t\t\t\t\t\t\t\t\t<a href=\"\/\"><br \/>\n\t\t\t\t\t\t\t\t\t\tNum\u00e9risation \u00e0 330 mm\/sec<br \/>\n\t\t\t\t\t\t\t\t\t\t\t<\/a>\n\t\t\t\t\t\t\t\t\t<\/li>\n<\/ul>\n<p>\t\t\t\t\t\t\t\t\t\t\t\t\t\t\t<img loading=\"lazy\" decoding=\"async\" width=\"800\" height=\"509\" src=\"https:\/\/speelveld.idocta.be\/wp-content\/uploads\/2023\/12\/TX-4100_3100MFP_GC_02fr_bsk-1024x652.jpg\" alt=\"TX4100-3100\" srcset=\"https:\/\/speelveld.idocta.be\/wp-content\/uploads\/2023\/12\/TX-4100_3100MFP_GC_02fr_bsk-1024x652.jpg 1024w, https:\/\/speelveld.idocta.be\/wp-content\/uploads\/2023\/12\/TX-4100_3100MFP_GC_02fr_bsk-300x191.jpg 300w, https:\/\/speelveld.idocta.be\/wp-content\/uploads\/2023\/12\/TX-4100_3100MFP_GC_02fr_bsk-768x489.jpg 768w, https:\/\/speelveld.idocta.be\/wp-content\/uploads\/2023\/12\/TX-4100_3100MFP_GC_02fr_bsk.jpg 1280w\" sizes=\"(max-width: 800px) 100vw, 800px\" \/>\t\t\t\t\t\t\t\t\t\t\t\t\t\t\t<\/p>\n<h2>Pourquoi choisir la s\u00e9rie imagePROGRAF TX ?<\/h2>\n<p>Le tout-en-un de la s\u00e9rie TX associe l&rsquo;impression de haute qualit\u00e9 \u00e0 la vitesse et \u00e0 l&rsquo;efficacit\u00e9. Avec 5 couleurs et des r\u00e9servoirs d&rsquo;encre rempla\u00e7ables \u00e0 chaud, vous pouvez imprimer sans interruption et avec une pr\u00e9cision in\u00e9gal\u00e9e. Mais il y a d&rsquo;autres raisons de choisir cette s\u00e9rie, \u00e0 savoir :  <\/p>\n<h5>\n\t\t\t\t\t\t\tDouble alimentation en rouleaux<br \/>\n\t\t\t\t\t<\/h5>\n<h5>\n\t\t\t\t\t\t\tProfessionnel SIG\/CAD<br \/>\n\t\t\t\t\t<\/h5>\n<h5>\n\t\t\t\t\t\t\tImpression sans marge<br \/>\n\t\t\t\t\t<\/h5>\n<h5>\n\t\t\t\t\t\t\tRecadrage automatique<br \/>\n\t\t\t\t\t<\/h5>\n","protected":false},"excerpt":{"rendered":"<p>Aper\u00e7u de la page Canon imagePROGRAF TX series all-in-one imagePROGRAF TX-3200 MFP Z36 36 pouces \u00e0 grande vitesse Dans la s\u00e9rie des tout-en-un Canon imagePROGRAF TX , vous trouverez la 3200 . Elle vous permet d&rsquo;imprimer jusqu&rsquo;\u00e0 3,3 ppm. Parfaite pour la CAO, les SIG et les affiches. Pour la premi\u00e8re fois sur un mod\u00e8le [&hellip;]<\/p>\n","protected":false},"author":2,"featured_media":0,"parent":9964,"menu_order":0,"comment_status":"closed","ping_status":"closed","template":"","meta":{"inline_featured_image":false,"footnotes":""},"hf_cat_page":[],"class_list":["post-9828","page","type-page","status-publish","hentry"],"yoast_head":"<!-- This site is optimized with the Yoast SEO Premium plugin v27.4 (Yoast SEO v27.4) - https:\/\/yoast.com\/product\/yoast-seo-premium-wordpress\/ -->\n<title>Canon imagePROGRAF TX series all-in-one - iDocta<\/title>\n<meta name=\"description\" content=\"D\u00e9couvrez la polyvalence de la s\u00e9rie d&#039;imprimantes tout-en-un Canon imagePROGRAF TX. Une imprimante grand format avec fonction de num\u00e9risation pour la perfection.\" \/>\n<meta name=\"robots\" content=\"noindex, follow, max-snippet:-1, max-image-preview:large, max-video-preview:-1\" \/>\n<meta property=\"og:locale\" content=\"fr_FR\" \/>\n<meta property=\"og:type\" content=\"article\" \/>\n<meta property=\"og:title\" content=\"Canon imagePROGRAF TX series all-in-one\" \/>\n<meta property=\"og:description\" content=\"D\u00e9couvrez la polyvalence de la s\u00e9rie d&#039;imprimantes tout-en-un Canon imagePROGRAF TX. Une imprimante grand format avec fonction de num\u00e9risation pour la perfection.\" \/>\n<meta property=\"og:url\" content=\"https:\/\/speelveld.idocta.be\/fr\/canon-lfp-imageprograf-tx-serie\/canon-imageprograf-tx-serie-all-in-one\/\" \/>\n<meta property=\"og:site_name\" content=\"iDocta\" \/>\n<meta property=\"article:publisher\" content=\"https:\/\/www.facebook.com\/iDoctaWaregem\" \/>\n<meta property=\"article:modified_time\" content=\"2025-04-07T19:11:28+00:00\" \/>\n<meta property=\"og:image\" content=\"https:\/\/speelveld.idocta.be\/wp-content\/uploads\/2023\/12\/TX-3100MFP_01fv_1rollbsk_E-768x576.jpg\" \/>\n<meta name=\"twitter:card\" content=\"summary_large_image\" \/>\n<meta name=\"twitter:label1\" content=\"Dur\u00e9e de lecture estim\u00e9e\" \/>\n\t<meta name=\"twitter:data1\" content=\"7 minutes\" \/>\n<script type=\"application\/ld+json\" class=\"yoast-schema-graph\">{\"@context\":\"https:\\\/\\\/schema.org\",\"@graph\":[{\"@type\":\"WebPage\",\"@id\":\"https:\\\/\\\/speelveld.idocta.be\\\/fr\\\/canon-lfp-imageprograf-tx-serie\\\/canon-imageprograf-tx-serie-all-in-one\\\/\",\"url\":\"https:\\\/\\\/speelveld.idocta.be\\\/fr\\\/canon-lfp-imageprograf-tx-serie\\\/canon-imageprograf-tx-serie-all-in-one\\\/\",\"name\":\"Canon imagePROGRAF TX series all-in-one - iDocta\",\"isPartOf\":{\"@id\":\"https:\\\/\\\/speelveld.idocta.be\\\/fr\\\/#website\"},\"primaryImageOfPage\":{\"@id\":\"https:\\\/\\\/speelveld.idocta.be\\\/fr\\\/canon-lfp-imageprograf-tx-serie\\\/canon-imageprograf-tx-serie-all-in-one\\\/#primaryimage\"},\"image\":{\"@id\":\"https:\\\/\\\/speelveld.idocta.be\\\/fr\\\/canon-lfp-imageprograf-tx-serie\\\/canon-imageprograf-tx-serie-all-in-one\\\/#primaryimage\"},\"thumbnailUrl\":\"https:\\\/\\\/speelveld.idocta.be\\\/wp-content\\\/uploads\\\/2023\\\/12\\\/TX-3100MFP_01fv_1rollbsk_E-768x576.jpg\",\"datePublished\":\"2023-06-28T08:48:23+00:00\",\"dateModified\":\"2025-04-07T19:11:28+00:00\",\"description\":\"D\u00e9couvrez la polyvalence de la s\u00e9rie d'imprimantes tout-en-un Canon imagePROGRAF TX. Une imprimante grand format avec fonction de num\u00e9risation pour la perfection.\",\"breadcrumb\":{\"@id\":\"https:\\\/\\\/speelveld.idocta.be\\\/fr\\\/canon-lfp-imageprograf-tx-serie\\\/canon-imageprograf-tx-serie-all-in-one\\\/#breadcrumb\"},\"inLanguage\":\"fr-FR\",\"potentialAction\":[{\"@type\":\"ReadAction\",\"target\":[\"https:\\\/\\\/speelveld.idocta.be\\\/fr\\\/canon-lfp-imageprograf-tx-serie\\\/canon-imageprograf-tx-serie-all-in-one\\\/\"]}]},{\"@type\":\"ImageObject\",\"inLanguage\":\"fr-FR\",\"@id\":\"https:\\\/\\\/speelveld.idocta.be\\\/fr\\\/canon-lfp-imageprograf-tx-serie\\\/canon-imageprograf-tx-serie-all-in-one\\\/#primaryimage\",\"url\":\"https:\\\/\\\/speelveld.idocta.be\\\/wp-content\\\/uploads\\\/2023\\\/12\\\/TX-3100MFP_01fv_1rollbsk_E-768x576.jpg\",\"contentUrl\":\"https:\\\/\\\/speelveld.idocta.be\\\/wp-content\\\/uploads\\\/2023\\\/12\\\/TX-3100MFP_01fv_1rollbsk_E-768x576.jpg\"},{\"@type\":\"BreadcrumbList\",\"@id\":\"https:\\\/\\\/speelveld.idocta.be\\\/fr\\\/canon-lfp-imageprograf-tx-serie\\\/canon-imageprograf-tx-serie-all-in-one\\\/#breadcrumb\",\"itemListElement\":[{\"@type\":\"ListItem\",\"position\":1,\"name\":\"Home\",\"item\":\"https:\\\/\\\/speelveld.idocta.be\\\/fr\\\/\"},{\"@type\":\"ListItem\",\"position\":2,\"name\":\"Canon LFP imagePROGRAF TX series\",\"item\":\"https:\\\/\\\/speelveld.idocta.be\\\/fr\\\/canon-lfp-imageprograf-tx-serie\\\/\"},{\"@type\":\"ListItem\",\"position\":3,\"name\":\"Canon imagePROGRAF TX series all-in-one\"}]},{\"@type\":\"WebSite\",\"@id\":\"https:\\\/\\\/speelveld.idocta.be\\\/fr\\\/#website\",\"url\":\"https:\\\/\\\/speelveld.idocta.be\\\/fr\\\/\",\"name\":\"iDocta\",\"description\":\"de one-stop-printershop voor bedrijven\",\"publisher\":{\"@id\":\"https:\\\/\\\/speelveld.idocta.be\\\/fr\\\/#organization\"},\"potentialAction\":[{\"@type\":\"SearchAction\",\"target\":{\"@type\":\"EntryPoint\",\"urlTemplate\":\"https:\\\/\\\/speelveld.idocta.be\\\/fr\\\/?s={search_term_string}\"},\"query-input\":{\"@type\":\"PropertyValueSpecification\",\"valueRequired\":true,\"valueName\":\"search_term_string\"}}],\"inLanguage\":\"fr-FR\"},{\"@type\":\"Organization\",\"@id\":\"https:\\\/\\\/speelveld.idocta.be\\\/fr\\\/#organization\",\"name\":\"iDocta\",\"url\":\"https:\\\/\\\/speelveld.idocta.be\\\/fr\\\/\",\"logo\":{\"@type\":\"ImageObject\",\"inLanguage\":\"fr-FR\",\"@id\":\"https:\\\/\\\/speelveld.idocta.be\\\/fr\\\/#\\\/schema\\\/logo\\\/image\\\/\",\"url\":\"https:\\\/\\\/speelveld.idocta.be\\\/wp-content\\\/uploads\\\/2023\\\/06\\\/iDocta_Flat_Black.svg\",\"contentUrl\":\"https:\\\/\\\/speelveld.idocta.be\\\/wp-content\\\/uploads\\\/2023\\\/06\\\/iDocta_Flat_Black.svg\",\"width\":290,\"height\":74,\"caption\":\"iDocta\"},\"image\":{\"@id\":\"https:\\\/\\\/speelveld.idocta.be\\\/fr\\\/#\\\/schema\\\/logo\\\/image\\\/\"},\"sameAs\":[\"https:\\\/\\\/www.facebook.com\\\/iDoctaWaregem\",\"https:\\\/\\\/www.instagram.com\\\/idocta_canon\\\/\",\"https:\\\/\\\/www.linkedin.com\\\/company\\\/5020430\"]}]}<\/script>\n<!-- \/ Yoast SEO Premium plugin. -->","yoast_head_json":{"title":"Canon imagePROGRAF TX series all-in-one - iDocta","description":"D\u00e9couvrez la polyvalence de la s\u00e9rie d'imprimantes tout-en-un Canon imagePROGRAF TX. Une imprimante grand format avec fonction de num\u00e9risation pour la perfection.","robots":{"index":"noindex","follow":"follow","max-snippet":"max-snippet:-1","max-image-preview":"max-image-preview:large","max-video-preview":"max-video-preview:-1"},"og_locale":"fr_FR","og_type":"article","og_title":"Canon imagePROGRAF TX series all-in-one","og_description":"D\u00e9couvrez la polyvalence de la s\u00e9rie d'imprimantes tout-en-un Canon imagePROGRAF TX. Une imprimante grand format avec fonction de num\u00e9risation pour la perfection.","og_url":"https:\/\/speelveld.idocta.be\/fr\/canon-lfp-imageprograf-tx-serie\/canon-imageprograf-tx-serie-all-in-one\/","og_site_name":"iDocta","article_publisher":"https:\/\/www.facebook.com\/iDoctaWaregem","article_modified_time":"2025-04-07T19:11:28+00:00","og_image":[{"url":"https:\/\/speelveld.idocta.be\/wp-content\/uploads\/2023\/12\/TX-3100MFP_01fv_1rollbsk_E-768x576.jpg","type":"","width":"","height":""}],"twitter_card":"summary_large_image","twitter_misc":{"Dur\u00e9e de lecture estim\u00e9e":"7 minutes"},"schema":{"@context":"https:\/\/schema.org","@graph":[{"@type":"WebPage","@id":"https:\/\/speelveld.idocta.be\/fr\/canon-lfp-imageprograf-tx-serie\/canon-imageprograf-tx-serie-all-in-one\/","url":"https:\/\/speelveld.idocta.be\/fr\/canon-lfp-imageprograf-tx-serie\/canon-imageprograf-tx-serie-all-in-one\/","name":"Canon imagePROGRAF TX series all-in-one - iDocta","isPartOf":{"@id":"https:\/\/speelveld.idocta.be\/fr\/#website"},"primaryImageOfPage":{"@id":"https:\/\/speelveld.idocta.be\/fr\/canon-lfp-imageprograf-tx-serie\/canon-imageprograf-tx-serie-all-in-one\/#primaryimage"},"image":{"@id":"https:\/\/speelveld.idocta.be\/fr\/canon-lfp-imageprograf-tx-serie\/canon-imageprograf-tx-serie-all-in-one\/#primaryimage"},"thumbnailUrl":"https:\/\/speelveld.idocta.be\/wp-content\/uploads\/2023\/12\/TX-3100MFP_01fv_1rollbsk_E-768x576.jpg","datePublished":"2023-06-28T08:48:23+00:00","dateModified":"2025-04-07T19:11:28+00:00","description":"D\u00e9couvrez la polyvalence de la s\u00e9rie d'imprimantes tout-en-un Canon imagePROGRAF TX. Une imprimante grand format avec fonction de num\u00e9risation pour la perfection.","breadcrumb":{"@id":"https:\/\/speelveld.idocta.be\/fr\/canon-lfp-imageprograf-tx-serie\/canon-imageprograf-tx-serie-all-in-one\/#breadcrumb"},"inLanguage":"fr-FR","potentialAction":[{"@type":"ReadAction","target":["https:\/\/speelveld.idocta.be\/fr\/canon-lfp-imageprograf-tx-serie\/canon-imageprograf-tx-serie-all-in-one\/"]}]},{"@type":"ImageObject","inLanguage":"fr-FR","@id":"https:\/\/speelveld.idocta.be\/fr\/canon-lfp-imageprograf-tx-serie\/canon-imageprograf-tx-serie-all-in-one\/#primaryimage","url":"https:\/\/speelveld.idocta.be\/wp-content\/uploads\/2023\/12\/TX-3100MFP_01fv_1rollbsk_E-768x576.jpg","contentUrl":"https:\/\/speelveld.idocta.be\/wp-content\/uploads\/2023\/12\/TX-3100MFP_01fv_1rollbsk_E-768x576.jpg"},{"@type":"BreadcrumbList","@id":"https:\/\/speelveld.idocta.be\/fr\/canon-lfp-imageprograf-tx-serie\/canon-imageprograf-tx-serie-all-in-one\/#breadcrumb","itemListElement":[{"@type":"ListItem","position":1,"name":"Home","item":"https:\/\/speelveld.idocta.be\/fr\/"},{"@type":"ListItem","position":2,"name":"Canon LFP imagePROGRAF TX series","item":"https:\/\/speelveld.idocta.be\/fr\/canon-lfp-imageprograf-tx-serie\/"},{"@type":"ListItem","position":3,"name":"Canon imagePROGRAF TX series all-in-one"}]},{"@type":"WebSite","@id":"https:\/\/speelveld.idocta.be\/fr\/#website","url":"https:\/\/speelveld.idocta.be\/fr\/","name":"iDocta","description":"de one-stop-printershop voor bedrijven","publisher":{"@id":"https:\/\/speelveld.idocta.be\/fr\/#organization"},"potentialAction":[{"@type":"SearchAction","target":{"@type":"EntryPoint","urlTemplate":"https:\/\/speelveld.idocta.be\/fr\/?s={search_term_string}"},"query-input":{"@type":"PropertyValueSpecification","valueRequired":true,"valueName":"search_term_string"}}],"inLanguage":"fr-FR"},{"@type":"Organization","@id":"https:\/\/speelveld.idocta.be\/fr\/#organization","name":"iDocta","url":"https:\/\/speelveld.idocta.be\/fr\/","logo":{"@type":"ImageObject","inLanguage":"fr-FR","@id":"https:\/\/speelveld.idocta.be\/fr\/#\/schema\/logo\/image\/","url":"https:\/\/speelveld.idocta.be\/wp-content\/uploads\/2023\/06\/iDocta_Flat_Black.svg","contentUrl":"https:\/\/speelveld.idocta.be\/wp-content\/uploads\/2023\/06\/iDocta_Flat_Black.svg","width":290,"height":74,"caption":"iDocta"},"image":{"@id":"https:\/\/speelveld.idocta.be\/fr\/#\/schema\/logo\/image\/"},"sameAs":["https:\/\/www.facebook.com\/iDoctaWaregem","https:\/\/www.instagram.com\/idocta_canon\/","https:\/\/www.linkedin.com\/company\/5020430"]}]}},"_links":{"self":[{"href":"https:\/\/speelveld.idocta.be\/fr\/wp-json\/wp\/v2\/pages\/9828","targetHints":{"allow":["GET"]}}],"collection":[{"href":"https:\/\/speelveld.idocta.be\/fr\/wp-json\/wp\/v2\/pages"}],"about":[{"href":"https:\/\/speelveld.idocta.be\/fr\/wp-json\/wp\/v2\/types\/page"}],"author":[{"embeddable":true,"href":"https:\/\/speelveld.idocta.be\/fr\/wp-json\/wp\/v2\/users\/2"}],"replies":[{"embeddable":true,"href":"https:\/\/speelveld.idocta.be\/fr\/wp-json\/wp\/v2\/comments?post=9828"}],"version-history":[{"count":0,"href":"https:\/\/speelveld.idocta.be\/fr\/wp-json\/wp\/v2\/pages\/9828\/revisions"}],"up":[{"embeddable":true,"href":"https:\/\/speelveld.idocta.be\/fr\/wp-json\/wp\/v2\/pages\/9964"}],"wp:attachment":[{"href":"https:\/\/speelveld.idocta.be\/fr\/wp-json\/wp\/v2\/media?parent=9828"}],"wp:term":[{"taxonomy":"hf_cat_page","embeddable":true,"href":"https:\/\/speelveld.idocta.be\/fr\/wp-json\/wp\/v2\/hf_cat_page?post=9828"}],"curies":[{"name":"wp","href":"https:\/\/api.w.org\/{rel}","templated":true}]}}