{"id":19225,"date":"2026-03-19T15:09:15","date_gmt":"2026-03-19T15:09:15","guid":{"rendered":"https:\/\/www.idocta.be\/service-aanvragen\/"},"modified":"2026-04-01T14:54:49","modified_gmt":"2026-04-01T14:54:49","slug":"demander-une-intervention","status":"publish","type":"page","link":"https:\/\/speelveld.idocta.be\/fr\/demander-une-intervention\/","title":{"rendered":"Demander une intervention"},"content":{"rendered":"\t\t<div data-elementor-type=\"wp-page\" data-elementor-id=\"19225\" class=\"elementor elementor-19225 elementor-18215\" data-elementor-post-type=\"page\">\n\t\t\t\t<div class=\"elementor-element elementor-element-9a19260 e-con-full e-flex e-con e-parent\" data-id=\"9a19260\" data-element_type=\"container\" data-e-type=\"container\">\n\t\t<div class=\"elementor-element elementor-element-3168ec3 e-con-full e-flex e-con e-child\" data-id=\"3168ec3\" data-element_type=\"container\" data-e-type=\"container\" data-settings=\"{&quot;background_background&quot;:&quot;classic&quot;}\">\n\t\t\t\t<div class=\"elementor-element elementor-element-17aba33 elementor-widget elementor-widget-heading\" data-id=\"17aba33\" data-element_type=\"widget\" data-e-type=\"widget\" data-widget_type=\"heading.default\">\n\t\t\t\t\t<h1 class=\"elementor-heading-title elementor-size-default\">Services iDocta<\/h1>\t\t\t\t<\/div>\n\t\t\t\t<div class=\"elementor-element elementor-element-f7f4dda elementor-widget__width-initial elementor-widget elementor-widget-text-editor\" data-id=\"f7f4dda\" data-element_type=\"widget\" data-e-type=\"widget\" data-widget_type=\"text-editor.default\">\n\t\t\t\t\t\t\t\t\t<p>Chez iDocta, nous souhaitons offrir \u00e0 nos clients le meilleur service possible, avec une assistance rapide et une approche personnalis\u00e9e.<\/p><p> <\/p><p>Sur cette page, vous trouverez toutes les informations et tous les outils n\u00e9cessaires pour que notre collaboration se d\u00e9roule sans encombre et de mani\u00e8re efficace.<\/p>\t\t\t\t\t\t\t\t<\/div>\n\t\t\t\t<div class=\"elementor-element elementor-element-d215221 elementor-widget elementor-widget-button\" data-id=\"d215221\" data-element_type=\"widget\" data-e-type=\"widget\" data-widget_type=\"button.default\">\n\t\t\t\t\t\t\t\t\t\t<a class=\"elementor-button elementor-button-link elementor-size-sm\" href=\"https:\/\/speelveld.idocta.be\/fr\/demander-une-intervention-iDocta\" target=\"_blank\">\n\t\t\t\t\t\t<span class=\"elementor-button-content-wrapper\">\n\t\t\t\t\t\t\t\t\t<span class=\"elementor-button-text\">Demander une intervention<\/span>\n\t\t\t\t\t<\/span>\n\t\t\t\t\t<\/a>\n\t\t\t\t\t\t\t\t<\/div>\n\t\t\t\t<div class=\"elementor-element elementor-element-a146298 elementor-widget elementor-widget-button\" data-id=\"a146298\" data-element_type=\"widget\" data-e-type=\"widget\" data-widget_type=\"button.default\">\n\t\t\t\t\t\t\t\t\t\t<a class=\"elementor-button elementor-button-link elementor-size-sm\" href=\"https:\/\/speelveld.idocta.be\/fr\/faq-idocta\/\" target=\"_blank\">\n\t\t\t\t\t\t<span class=\"elementor-button-content-wrapper\">\n\t\t\t\t\t\t\t\t\t<span class=\"elementor-button-text\">FAQ<\/span>\n\t\t\t\t\t<\/span>\n\t\t\t\t\t<\/a>\n\t\t\t\t\t\t\t\t<\/div>\n\t\t\t\t<\/div>\n\t\t<div class=\"elementor-element elementor-element-2cf8496 e-con-full e-flex e-con e-child\" data-id=\"2cf8496\" data-element_type=\"container\" data-e-type=\"container\" data-settings=\"{&quot;background_background&quot;:&quot;classic&quot;}\">\n\t\t\t\t<div class=\"elementor-element elementor-element-1e65d04 elementor-widget elementor-widget-heading\" data-id=\"1e65d04\" data-element_type=\"widget\" data-e-type=\"widget\" data-widget_type=\"heading.default\">\n\t\t\t\t\t<h1 class=\"elementor-heading-title elementor-size-default\">iDocta x Michiels<\/h1>\t\t\t\t<\/div>\n\t\t\t\t<div class=\"elementor-element elementor-element-f2ec27f elementor-widget__width-initial elementor-widget elementor-widget-text-editor\" data-id=\"f2ec27f\" data-element_type=\"widget\" data-e-type=\"widget\" data-widget_type=\"text-editor.default\">\n\t\t\t\t\t\t\t\t\t<p>Pour les clients qui travaillaient d\u00e9j\u00e0 avec Michiels avant le rachat, notre priorit\u00e9 reste inchang\u00e9e : le m\u00eame service de qualit\u00e9, compl\u00e9t\u00e9 par les possibilit\u00e9s et l&rsquo;assistance suppl\u00e9mentaires offertes par iDocta. Nous assurons une transition en douceur et restons votre interlocuteur privil\u00e9gi\u00e9, afin que vous puissiez continuer \u00e0 compter, en toute s\u00e9r\u00e9nit\u00e9, sur une collaboration solide et personnalis\u00e9e. <\/p>\t\t\t\t\t\t\t\t<\/div>\n\t\t\t\t<div class=\"elementor-element elementor-element-a903168 elementor-widget elementor-widget-button\" data-id=\"a903168\" data-element_type=\"widget\" data-e-type=\"widget\" data-widget_type=\"button.default\">\n\t\t\t\t\t\t\t\t\t\t<a class=\"elementor-button elementor-button-link elementor-size-sm\" href=\"https:\/\/speelveld.idocta.be\/fr\/demande-une-intervention-michiels\/\" target=\"_blank\">\n\t\t\t\t\t\t<span class=\"elementor-button-content-wrapper\">\n\t\t\t\t\t\t\t\t\t<span class=\"elementor-button-text\">Demander une intervention<\/span>\n\t\t\t\t\t<\/span>\n\t\t\t\t\t<\/a>\n\t\t\t\t\t\t\t\t<\/div>\n\t\t\t\t<div class=\"elementor-element elementor-element-5f04960 elementor-widget elementor-widget-button\" data-id=\"5f04960\" data-element_type=\"widget\" data-e-type=\"widget\" data-widget_type=\"button.default\">\n\t\t\t\t\t\t\t\t\t\t<a class=\"elementor-button elementor-button-link elementor-size-sm\" href=\"https:\/\/speelveld.idocta.be\/fr\/bon-de-commande-de-cartouches-de-toner\/\" target=\"_blank\">\n\t\t\t\t\t\t<span class=\"elementor-button-content-wrapper\">\n\t\t\t\t\t\t\t\t\t<span class=\"elementor-button-text\">Commander une cartouche de toner<\/span>\n\t\t\t\t\t<\/span>\n\t\t\t\t\t<\/a>\n\t\t\t\t\t\t\t\t<\/div>\n\t\t\t\t<div class=\"elementor-element elementor-element-5f38147 elementor-widget elementor-widget-button\" data-id=\"5f38147\" data-element_type=\"widget\" data-e-type=\"widget\" data-widget_type=\"button.default\">\n\t\t\t\t\t\t\t\t\t\t<a class=\"elementor-button elementor-button-link elementor-size-sm\" href=\"https:\/\/get.teamviewer.com\/6iqgb9a\" target=\"_blank\">\n\t\t\t\t\t\t<span class=\"elementor-button-content-wrapper\">\n\t\t\t\t\t\t\t\t\t<span class=\"elementor-button-text\">TEAMVIEWER<\/span>\n\t\t\t\t\t<\/span>\n\t\t\t\t\t<\/a>\n\t\t\t\t\t\t\t\t<\/div>\n\t\t\t\t<div class=\"elementor-element elementor-element-67ae972 elementor-widget elementor-widget-button\" data-id=\"67ae972\" data-element_type=\"widget\" data-e-type=\"widget\" data-widget_type=\"button.default\">\n\t\t\t\t\t\t\t\t\t\t<a class=\"elementor-button elementor-button-link elementor-size-sm\" href=\"https:\/\/speelveld.idocta.be\/fr\/faq-michiels\/\">\n\t\t\t\t\t\t<span class=\"elementor-button-content-wrapper\">\n\t\t\t\t\t\t\t\t\t<span class=\"elementor-button-text\">FAQ<\/span>\n\t\t\t\t\t<\/span>\n\t\t\t\t\t<\/a>\n\t\t\t\t\t\t\t\t<\/div>\n\t\t\t\t<\/div>\n\t\t\t\t<\/div>\n\t\t<div class=\"elementor-element elementor-element-047e96c e-flex e-con-boxed e-con e-parent\" data-id=\"047e96c\" data-element_type=\"container\" data-e-type=\"container\">\n\t\t\t\t\t<div class=\"e-con-inner\">\n\t\t\t\t<div class=\"elementor-element elementor-element-d60c47a elementor-widget elementor-widget-heading\" data-id=\"d60c47a\" data-element_type=\"widget\" data-e-type=\"widget\" data-widget_type=\"heading.default\">\n\t\t\t\t\t<h1 class=\"elementor-heading-title elementor-size-default\">Vous n'\u00eates pas encore client chez iDocta ?<\/h1>\t\t\t\t<\/div>\n\t\t\t\t<div class=\"elementor-element elementor-element-359994d elementor-widget__width-initial elementor-widget elementor-widget-text-editor\" data-id=\"359994d\" data-element_type=\"widget\" data-e-type=\"widget\" data-widget_type=\"text-editor.default\">\n\t\t\t\t\t\t\t\t\t<p>D\u00e9couvrez d\u00e8s aujourd&rsquo;hui nos services et faites l&rsquo;exp\u00e9rience de notre approche personnalis\u00e9e et de notre assistance rapide. Inscrivez-vous d\u00e8s maintenant et laissez-nous vous aider \u00e0 d\u00e9velopper votre entreprise. <\/p>\t\t\t\t\t\t\t\t<\/div>\n\t\t\t\t<div class=\"elementor-element elementor-element-802531b elementor-align-center elementor-widget elementor-widget-button\" data-id=\"802531b\" data-element_type=\"widget\" data-e-type=\"widget\" data-widget_type=\"button.default\">\n\t\t\t\t\t\t\t\t\t\t<a class=\"elementor-button elementor-button-link elementor-size-sm\" href=\"https:\/\/speelveld.idocta.be\/fr\/devis\/\">\n\t\t\t\t\t\t<span class=\"elementor-button-content-wrapper\">\n\t\t\t\t\t\t\t\t\t<span class=\"elementor-button-text\">Demande de devis<\/span>\n\t\t\t\t\t<\/span>\n\t\t\t\t\t<\/a>\n\t\t\t\t\t\t\t\t<\/div>\n\t\t\t\t\t<\/div>\n\t\t\t\t<\/div>\n\t\t<div class=\"elementor-element elementor-element-9df78ce e-flex e-con-boxed e-con e-parent\" data-id=\"9df78ce\" data-element_type=\"container\" data-e-type=\"container\">\n\t\t\t\t\t<div class=\"e-con-inner\">\n\t\t\t\t<div class=\"elementor-element elementor-element-300a10f elementor-widget elementor-widget-n-accordion\" data-id=\"300a10f\" data-element_type=\"widget\" data-e-type=\"widget\" data-settings=\"{&quot;default_state&quot;:&quot;all_collapsed&quot;,&quot;max_items_expended&quot;:&quot;one&quot;,&quot;n_accordion_animation_duration&quot;:{&quot;unit&quot;:&quot;ms&quot;,&quot;size&quot;:400,&quot;sizes&quot;:[]}}\" data-widget_type=\"nested-accordion.default\">\n\t\t\t\t\t\t\t<div class=\"e-n-accordion\" aria-label=\"Accordion. Open links with Enter or Space, close with Escape, and navigate with Arrow Keys\">\n\t\t\t\t\t\t<details id=\"e-n-accordion-item-5030\" class=\"e-n-accordion-item\" >\n\t\t\t\t<summary class=\"e-n-accordion-item-title\" data-accordion-index=\"1\" tabindex=\"0\" aria-expanded=\"false\" aria-controls=\"e-n-accordion-item-5030\" >\n\t\t\t\t\t<span class='e-n-accordion-item-title-header'><div class=\"e-n-accordion-item-title-text\">  <\/div><\/span>\n\t\t\t\t\t\t\t<span class='e-n-accordion-item-title-icon'>\n\t\t\t<span class='e-opened' ><i aria-hidden=\"true\" class=\"fas fa-info-circle\"><\/i><\/span>\n\t\t\t<span class='e-closed'><i aria-hidden=\"true\" class=\"fas fa-info-circle\"><\/i><\/span>\n\t\t<\/span>\n\n\t\t\t\t\t\t<\/summary>\n\t\t\t\t<div role=\"region\" aria-labelledby=\"e-n-accordion-item-5030\" class=\"elementor-element elementor-element-67804d5 e-con-full accordeon e-flex e-con e-child\" data-id=\"67804d5\" data-element_type=\"container\" data-e-type=\"container\">\n\t\t<div role=\"region\" aria-labelledby=\"e-n-accordion-item-5030\" class=\"elementor-element elementor-element-e811c89 accordeon e-flex e-con-boxed e-con e-child\" data-id=\"e811c89\" data-element_type=\"container\" data-e-type=\"container\" data-settings=\"{&quot;background_background&quot;:&quot;classic&quot;}\">\n\t\t\t\t\t<div class=\"e-con-inner\">\n\t\t\t\t<div class=\"elementor-element elementor-element-34b8e2e elementor-widget elementor-widget-text-editor\" data-id=\"34b8e2e\" data-element_type=\"widget\" data-e-type=\"widget\" data-widget_type=\"text-editor.default\">\n\t\t\t\t\t\t\t\t\t<div class=\"margin-bottom margin-medium\"><div class=\"div-block-3\"><h6 class=\"text-color-white\">Comment t\u00e9l\u00e9charger le pilote de mon appareil Canon ?<\/h6><\/div><\/div><div class=\"margin-bottom\"><div class=\"text-color-white w-richtext\"><p>1. Cliquez sur \u00ab T\u00e9l\u00e9charger \u00bb.<\/p><p>2. Recherchez ou s\u00e9lectionnez votre produit<\/p><p>3. Choisissez le type de produit<\/p><p>4. T\u00e9l\u00e9chargez la derni\u00e8re version du pilote d&rsquo;imprimante qui vous convient le mieux<\/p><p>PCL est compatible avec Windows.<\/p><p>UFR est compatible avec Windows et Apple.<\/p><p>PostScript est utilis\u00e9 pour les applications graphiques.<\/p><\/div><\/div>\t\t\t\t\t\t\t\t<\/div>\n\t\t\t\t\t<\/div>\n\t\t\t\t<\/div>\n\t\t\t\t<\/div>\n\t\t\t\t\t<\/details>\n\t\t\t\t\t<\/div>\n\t\t\t\t\t\t<\/div>\n\t\t\t\t<div class=\"elementor-element elementor-element-1722ef0 elementor-widget elementor-widget-heading\" data-id=\"1722ef0\" data-element_type=\"widget\" data-e-type=\"widget\" data-widget_type=\"heading.default\">\n\t\t\t\t\t<h2 class=\"elementor-heading-title elementor-size-default\">Driver download center<\/h2>\t\t\t\t<\/div>\n\t\t\t\t<div class=\"elementor-element elementor-element-c419ddb elementor-widget elementor-widget-text-editor\" data-id=\"c419ddb\" data-element_type=\"widget\" data-e-type=\"widget\" data-widget_type=\"text-editor.default\">\n\t\t\t\t\t\t\t\t\t<p>Sur cette page, vous trouverez tous les pilotes et logiciels li\u00e9s \u00e0 Canon.<\/p>\t\t\t\t\t\t\t\t<\/div>\n\t\t\t\t<div class=\"elementor-element elementor-element-0de54f8 elementor-align-center elementor-widget elementor-widget-button\" data-id=\"0de54f8\" data-element_type=\"widget\" data-e-type=\"widget\" data-widget_type=\"button.default\">\n\t\t\t\t\t\t\t\t\t\t<a class=\"elementor-button elementor-button-link elementor-size-sm\" href=\"https:\/\/www.canon-europe.com\/support\/business\/\" target=\"_blank\">\n\t\t\t\t\t\t<span class=\"elementor-button-content-wrapper\">\n\t\t\t\t\t\t\t\t\t<span class=\"elementor-button-text\">Download<\/span>\n\t\t\t\t\t<\/span>\n\t\t\t\t\t<\/a>\n\t\t\t\t\t\t\t\t<\/div>\n\t\t\t\t\t<\/div>\n\t\t\t\t<\/div>\n\t\t\t\t<\/div>\n\t\t","protected":false},"excerpt":{"rendered":"<p>Services iDocta Chez iDocta, nous souhaitons offrir \u00e0 nos clients le meilleur service possible, avec une assistance rapide et une approche personnalis\u00e9e. Sur cette page, vous trouverez toutes les informations et tous les outils n\u00e9cessaires pour que notre collaboration se d\u00e9roule sans encombre et de mani\u00e8re efficace. Demander une intervention FAQ iDocta x Michiels Pour [&hellip;]<\/p>\n","protected":false},"author":16,"featured_media":0,"parent":0,"menu_order":0,"comment_status":"closed","ping_status":"closed","template":"elementor_header_footer","meta":{"inline_featured_image":false,"footnotes":""},"hf_cat_page":[],"class_list":["post-19225","page","type-page","status-publish","hentry"],"yoast_head":"<!-- This site is optimized with the Yoast SEO Premium plugin v27.4 (Yoast SEO v27.4) - https:\/\/yoast.com\/product\/yoast-seo-premium-wordpress\/ -->\n<title>Demander une intervention - iDocta<\/title>\n<meta name=\"robots\" content=\"noindex, follow, max-snippet:-1, max-image-preview:large, max-video-preview:-1\" \/>\n<meta property=\"og:locale\" content=\"fr_FR\" \/>\n<meta property=\"og:type\" content=\"article\" \/>\n<meta property=\"og:title\" content=\"Demander une intervention\" \/>\n<meta property=\"og:description\" content=\"Services iDocta Chez iDocta, nous souhaitons offrir \u00e0 nos clients le meilleur service possible, avec une assistance rapide et une approche personnalis\u00e9e. Sur cette page, vous trouverez toutes les informations et tous les outils n\u00e9cessaires pour que notre collaboration se d\u00e9roule sans encombre et de mani\u00e8re efficace. Demander une intervention FAQ iDocta x Michiels Pour [&hellip;]\" \/>\n<meta property=\"og:url\" content=\"https:\/\/speelveld.idocta.be\/fr\/demander-une-intervention\/\" \/>\n<meta property=\"og:site_name\" content=\"iDocta\" \/>\n<meta property=\"article:publisher\" content=\"https:\/\/www.facebook.com\/iDoctaWaregem\" \/>\n<meta property=\"article:modified_time\" content=\"2026-04-01T14:54:49+00:00\" \/>\n<meta name=\"twitter:card\" content=\"summary_large_image\" \/>\n<meta name=\"twitter:label1\" content=\"Dur\u00e9e de lecture estim\u00e9e\" \/>\n\t<meta name=\"twitter:data1\" content=\"2 minutes\" \/>\n<script type=\"application\/ld+json\" class=\"yoast-schema-graph\">{\"@context\":\"https:\\\/\\\/schema.org\",\"@graph\":[{\"@type\":\"WebPage\",\"@id\":\"https:\\\/\\\/speelveld.idocta.be\\\/fr\\\/demander-une-intervention\\\/\",\"url\":\"https:\\\/\\\/speelveld.idocta.be\\\/fr\\\/demander-une-intervention\\\/\",\"name\":\"Demander une intervention - iDocta\",\"isPartOf\":{\"@id\":\"https:\\\/\\\/speelveld.idocta.be\\\/fr\\\/#website\"},\"datePublished\":\"2026-03-19T15:09:15+00:00\",\"dateModified\":\"2026-04-01T14:54:49+00:00\",\"breadcrumb\":{\"@id\":\"https:\\\/\\\/speelveld.idocta.be\\\/fr\\\/demander-une-intervention\\\/#breadcrumb\"},\"inLanguage\":\"fr-FR\",\"potentialAction\":[{\"@type\":\"ReadAction\",\"target\":[\"https:\\\/\\\/speelveld.idocta.be\\\/fr\\\/demander-une-intervention\\\/\"]}]},{\"@type\":\"BreadcrumbList\",\"@id\":\"https:\\\/\\\/speelveld.idocta.be\\\/fr\\\/demander-une-intervention\\\/#breadcrumb\",\"itemListElement\":[{\"@type\":\"ListItem\",\"position\":1,\"name\":\"Home\",\"item\":\"https:\\\/\\\/speelveld.idocta.be\\\/fr\\\/\"},{\"@type\":\"ListItem\",\"position\":2,\"name\":\"Demander une intervention\"}]},{\"@type\":\"WebSite\",\"@id\":\"https:\\\/\\\/speelveld.idocta.be\\\/fr\\\/#website\",\"url\":\"https:\\\/\\\/speelveld.idocta.be\\\/fr\\\/\",\"name\":\"iDocta\",\"description\":\"de one-stop-printershop voor bedrijven\",\"publisher\":{\"@id\":\"https:\\\/\\\/speelveld.idocta.be\\\/fr\\\/#organization\"},\"potentialAction\":[{\"@type\":\"SearchAction\",\"target\":{\"@type\":\"EntryPoint\",\"urlTemplate\":\"https:\\\/\\\/speelveld.idocta.be\\\/fr\\\/?s={search_term_string}\"},\"query-input\":{\"@type\":\"PropertyValueSpecification\",\"valueRequired\":true,\"valueName\":\"search_term_string\"}}],\"inLanguage\":\"fr-FR\"},{\"@type\":\"Organization\",\"@id\":\"https:\\\/\\\/speelveld.idocta.be\\\/fr\\\/#organization\",\"name\":\"iDocta\",\"url\":\"https:\\\/\\\/speelveld.idocta.be\\\/fr\\\/\",\"logo\":{\"@type\":\"ImageObject\",\"inLanguage\":\"fr-FR\",\"@id\":\"https:\\\/\\\/speelveld.idocta.be\\\/fr\\\/#\\\/schema\\\/logo\\\/image\\\/\",\"url\":\"https:\\\/\\\/speelveld.idocta.be\\\/wp-content\\\/uploads\\\/2023\\\/06\\\/iDocta_Flat_Black.svg\",\"contentUrl\":\"https:\\\/\\\/speelveld.idocta.be\\\/wp-content\\\/uploads\\\/2023\\\/06\\\/iDocta_Flat_Black.svg\",\"width\":290,\"height\":74,\"caption\":\"iDocta\"},\"image\":{\"@id\":\"https:\\\/\\\/speelveld.idocta.be\\\/fr\\\/#\\\/schema\\\/logo\\\/image\\\/\"},\"sameAs\":[\"https:\\\/\\\/www.facebook.com\\\/iDoctaWaregem\",\"https:\\\/\\\/www.instagram.com\\\/idocta_canon\\\/\",\"https:\\\/\\\/www.linkedin.com\\\/company\\\/5020430\"]}]}<\/script>\n<!-- \/ Yoast SEO Premium plugin. -->","yoast_head_json":{"title":"Demander une intervention - iDocta","robots":{"index":"noindex","follow":"follow","max-snippet":"max-snippet:-1","max-image-preview":"max-image-preview:large","max-video-preview":"max-video-preview:-1"},"og_locale":"fr_FR","og_type":"article","og_title":"Demander une intervention","og_description":"Services iDocta Chez iDocta, nous souhaitons offrir \u00e0 nos clients le meilleur service possible, avec une assistance rapide et une approche personnalis\u00e9e. Sur cette page, vous trouverez toutes les informations et tous les outils n\u00e9cessaires pour que notre collaboration se d\u00e9roule sans encombre et de mani\u00e8re efficace. Demander une intervention FAQ iDocta x Michiels Pour [&hellip;]","og_url":"https:\/\/speelveld.idocta.be\/fr\/demander-une-intervention\/","og_site_name":"iDocta","article_publisher":"https:\/\/www.facebook.com\/iDoctaWaregem","article_modified_time":"2026-04-01T14:54:49+00:00","twitter_card":"summary_large_image","twitter_misc":{"Dur\u00e9e de lecture estim\u00e9e":"2 minutes"},"schema":{"@context":"https:\/\/schema.org","@graph":[{"@type":"WebPage","@id":"https:\/\/speelveld.idocta.be\/fr\/demander-une-intervention\/","url":"https:\/\/speelveld.idocta.be\/fr\/demander-une-intervention\/","name":"Demander une intervention - iDocta","isPartOf":{"@id":"https:\/\/speelveld.idocta.be\/fr\/#website"},"datePublished":"2026-03-19T15:09:15+00:00","dateModified":"2026-04-01T14:54:49+00:00","breadcrumb":{"@id":"https:\/\/speelveld.idocta.be\/fr\/demander-une-intervention\/#breadcrumb"},"inLanguage":"fr-FR","potentialAction":[{"@type":"ReadAction","target":["https:\/\/speelveld.idocta.be\/fr\/demander-une-intervention\/"]}]},{"@type":"BreadcrumbList","@id":"https:\/\/speelveld.idocta.be\/fr\/demander-une-intervention\/#breadcrumb","itemListElement":[{"@type":"ListItem","position":1,"name":"Home","item":"https:\/\/speelveld.idocta.be\/fr\/"},{"@type":"ListItem","position":2,"name":"Demander une intervention"}]},{"@type":"WebSite","@id":"https:\/\/speelveld.idocta.be\/fr\/#website","url":"https:\/\/speelveld.idocta.be\/fr\/","name":"iDocta","description":"de one-stop-printershop voor bedrijven","publisher":{"@id":"https:\/\/speelveld.idocta.be\/fr\/#organization"},"potentialAction":[{"@type":"SearchAction","target":{"@type":"EntryPoint","urlTemplate":"https:\/\/speelveld.idocta.be\/fr\/?s={search_term_string}"},"query-input":{"@type":"PropertyValueSpecification","valueRequired":true,"valueName":"search_term_string"}}],"inLanguage":"fr-FR"},{"@type":"Organization","@id":"https:\/\/speelveld.idocta.be\/fr\/#organization","name":"iDocta","url":"https:\/\/speelveld.idocta.be\/fr\/","logo":{"@type":"ImageObject","inLanguage":"fr-FR","@id":"https:\/\/speelveld.idocta.be\/fr\/#\/schema\/logo\/image\/","url":"https:\/\/speelveld.idocta.be\/wp-content\/uploads\/2023\/06\/iDocta_Flat_Black.svg","contentUrl":"https:\/\/speelveld.idocta.be\/wp-content\/uploads\/2023\/06\/iDocta_Flat_Black.svg","width":290,"height":74,"caption":"iDocta"},"image":{"@id":"https:\/\/speelveld.idocta.be\/fr\/#\/schema\/logo\/image\/"},"sameAs":["https:\/\/www.facebook.com\/iDoctaWaregem","https:\/\/www.instagram.com\/idocta_canon\/","https:\/\/www.linkedin.com\/company\/5020430"]}]}},"_links":{"self":[{"href":"https:\/\/speelveld.idocta.be\/fr\/wp-json\/wp\/v2\/pages\/19225","targetHints":{"allow":["GET"]}}],"collection":[{"href":"https:\/\/speelveld.idocta.be\/fr\/wp-json\/wp\/v2\/pages"}],"about":[{"href":"https:\/\/speelveld.idocta.be\/fr\/wp-json\/wp\/v2\/types\/page"}],"author":[{"embeddable":true,"href":"https:\/\/speelveld.idocta.be\/fr\/wp-json\/wp\/v2\/users\/16"}],"replies":[{"embeddable":true,"href":"https:\/\/speelveld.idocta.be\/fr\/wp-json\/wp\/v2\/comments?post=19225"}],"version-history":[{"count":26,"href":"https:\/\/speelveld.idocta.be\/fr\/wp-json\/wp\/v2\/pages\/19225\/revisions"}],"predecessor-version":[{"id":19385,"href":"https:\/\/speelveld.idocta.be\/fr\/wp-json\/wp\/v2\/pages\/19225\/revisions\/19385"}],"wp:attachment":[{"href":"https:\/\/speelveld.idocta.be\/fr\/wp-json\/wp\/v2\/media?parent=19225"}],"wp:term":[{"taxonomy":"hf_cat_page","embeddable":true,"href":"https:\/\/speelveld.idocta.be\/fr\/wp-json\/wp\/v2\/hf_cat_page?post=19225"}],"curies":[{"name":"wp","href":"https:\/\/api.w.org\/{rel}","templated":true}]}}