{"id":18030,"date":"2024-12-03T15:39:07","date_gmt":"2024-12-03T15:39:07","guid":{"rendered":"https:\/\/www.idocta.be\/idocta-nieuws"},"modified":"2026-03-31T12:02:06","modified_gmt":"2026-03-31T12:02:06","slug":"idocta-nouvelles","status":"publish","type":"page","link":"https:\/\/speelveld.idocta.be\/fr\/idocta-nouvelles\/","title":{"rendered":"actualit\u00e9s iDocta"},"content":{"rendered":"\t\t<div data-elementor-type=\"wp-page\" data-elementor-id=\"18030\" class=\"elementor elementor-18030 elementor-8135\" data-elementor-post-type=\"page\">\n\t\t\t\t<div class=\"elementor-element elementor-element-3c8210ca e-flex e-con-boxed e-con e-parent\" data-id=\"3c8210ca\" data-element_type=\"container\" data-e-type=\"container\">\n\t\t\t\t\t<div class=\"e-con-inner\">\n\t\t<div class=\"elementor-element elementor-element-2eb3f1e e-con-full e-flex e-con e-child\" data-id=\"2eb3f1e\" data-element_type=\"container\" data-e-type=\"container\">\n\t\t\t\t<div class=\"elementor-element elementor-element-6693f00 elementor-widget elementor-widget-heading\" data-id=\"6693f00\" data-element_type=\"widget\" data-e-type=\"widget\" data-widget_type=\"heading.default\">\n\t\t\t\t\t<h2 class=\"elementor-heading-title elementor-size-default\">actualit\u00e9s iDocta<\/h2>\t\t\t\t<\/div>\n\t\t\t\t<\/div>\n\t\t\t\t<div class=\"elementor-element elementor-element-70b388e1 elementor-posts__hover-none elementor-grid-3 elementor-grid-tablet-2 elementor-grid-mobile-1 elementor-posts--thumbnail-top elementor-widget elementor-widget-posts\" data-id=\"70b388e1\" data-element_type=\"widget\" data-e-type=\"widget\" data-settings=\"{&quot;cards_row_gap&quot;:{&quot;unit&quot;:&quot;px&quot;,&quot;size&quot;:80,&quot;sizes&quot;:[]},&quot;cards_row_gap_tablet&quot;:{&quot;unit&quot;:&quot;px&quot;,&quot;size&quot;:71,&quot;sizes&quot;:[]},&quot;cards_row_gap_mobile&quot;:{&quot;unit&quot;:&quot;px&quot;,&quot;size&quot;:30,&quot;sizes&quot;:[]},&quot;cards_columns&quot;:&quot;3&quot;,&quot;cards_columns_tablet&quot;:&quot;2&quot;,&quot;cards_columns_mobile&quot;:&quot;1&quot;}\" data-widget_type=\"posts.cards\">\n\t\t\t\t<div class=\"elementor-widget-container\">\n\t\t\t\t\t\t\t<div class=\"elementor-posts-container elementor-posts elementor-posts--skin-cards elementor-grid\" role=\"list\">\n\t\t\t\t<article class=\"elementor-post elementor-grid-item post-17946 post type-post status-publish format-standard has-post-thumbnail hentry category-non-classifiee\" role=\"listitem\">\n\t\t\t<div class=\"elementor-post__card\">\n\t\t\t\t<a class=\"elementor-post__thumbnail__link\" href=\"https:\/\/speelveld.idocta.be\/fr\/idocta-devient-leader-du-marche\/\" tabindex=\"-1\" ><div class=\"elementor-post__thumbnail\"><img fetchpriority=\"high\" decoding=\"async\" width=\"1765\" height=\"615\" src=\"https:\/\/speelveld.idocta.be\/wp-content\/uploads\/2026\/03\/Michiels-blog-website.png\" class=\"attachment-full size-full wp-image-17630\" alt=\"iDoctaxMichiels\" srcset=\"https:\/\/speelveld.idocta.be\/wp-content\/uploads\/2026\/03\/Michiels-blog-website.png 1765w, https:\/\/speelveld.idocta.be\/wp-content\/uploads\/2026\/03\/Michiels-blog-website-300x105.png 300w, https:\/\/speelveld.idocta.be\/wp-content\/uploads\/2026\/03\/Michiels-blog-website-1024x357.png 1024w, https:\/\/speelveld.idocta.be\/wp-content\/uploads\/2026\/03\/Michiels-blog-website-768x268.png 768w, https:\/\/speelveld.idocta.be\/wp-content\/uploads\/2026\/03\/Michiels-blog-website-1536x535.png 1536w\" sizes=\"(max-width: 1765px) 100vw, 1765px\" \/><\/div><\/a>\n\t\t\t\t<div class=\"elementor-post__text\">\n\t\t\t\t<h4 class=\"elementor-post__title\">\n\t\t\t<a href=\"https:\/\/speelveld.idocta.be\/fr\/idocta-devient-leader-du-marche\/\" >\n\t\t\t\tiDocta devient leader du march\u00e9 en solutions d\u2019impression et documentaires\t\t\t<\/a>\n\t\t<\/h4>\n\t\t\t\t<div class=\"elementor-post__excerpt\">\n\t\t\t<p>Les entreprises impriment moins et mettent le secteur sous pression, mais iDocta cro\u00eet et renforce sa position avec la reprise de Michiels et Picard. iDocta reprend les activit\u00e9s de Canon Business Center Michiels et Picard<\/p>\n\t\t<\/div>\n\t\t\t\t\t<div class=\"elementor-post__read-more-wrapper\">\n\t\t\n\t\t<a class=\"elementor-post__read-more\" href=\"https:\/\/speelveld.idocta.be\/fr\/idocta-devient-leader-du-marche\/\" aria-label=\"En savoir plus sur iDocta devient leader du march\u00e9 en solutions d\u2019impression et documentaires\" tabindex=\"-1\" >\n\t\t\tEn savoir plus\t\t<\/a>\n\n\t\t\t\t\t<\/div>\n\t\t\t\t<\/div>\n\t\t\t\t<div class=\"elementor-post__meta-data\">\n\t\t\t\t\t<span class=\"elementor-post-date\">\n\t\t\t3 mars 2026\t\t<\/span>\n\t\t\t\t<\/div>\n\t\t\t\t\t<\/div>\n\t\t<\/article>\n\t\t\t\t<\/div>\n\t\t\n\t\t\t\t\t\t<\/div>\n\t\t\t\t<\/div>\n\t\t\t\t\t<\/div>\n\t\t\t\t<\/div>\n\t\t<div class=\"elementor-element elementor-element-13c87bf5 e-flex e-con-boxed e-con e-parent\" data-id=\"13c87bf5\" data-element_type=\"container\" data-e-type=\"container\" data-settings=\"{&quot;background_background&quot;:&quot;classic&quot;}\">\n\t\t\t\t\t<div class=\"e-con-inner\">\n\t\t<div class=\"elementor-element elementor-element-182b35a3 e-con-full e-flex e-con e-child\" data-id=\"182b35a3\" data-element_type=\"container\" data-e-type=\"container\" data-settings=\"{&quot;background_background&quot;:&quot;classic&quot;}\">\n\t\t\t\t<div class=\"elementor-element elementor-element-973598c elementor-widget elementor-widget-text-editor\" data-id=\"973598c\" data-element_type=\"widget\" data-e-type=\"widget\" data-widget_type=\"text-editor.default\">\n\t\t\t\t\t\t\t\t\t<p>Restez inform\u00e9(e) de nos actualit\u00e9s et \u00e9v\u00e9nements.<\/p>\t\t\t\t\t\t\t\t<\/div>\n\t\t<div class=\"elementor-element elementor-element-99c12b7 e-grid e-con-full e-con e-child\" data-id=\"99c12b7\" data-element_type=\"container\" data-e-type=\"container\">\n\t\t\t\t<div class=\"elementor-element elementor-element-6c25f43 elementor-widget elementor-widget-heading\" data-id=\"6c25f43\" data-element_type=\"widget\" data-e-type=\"widget\" data-widget_type=\"heading.default\">\n\t\t\t\t\t<h4 class=\"elementor-heading-title elementor-size-default\">Abonnez-vous \u00e0 la newsletter iDocta<\/h4>\t\t\t\t<\/div>\n\t\t\t\t<div class=\"elementor-element elementor-element-6a30913d elementor-button-align-stretch elementor-widget elementor-widget-form\" data-id=\"6a30913d\" data-element_type=\"widget\" data-e-type=\"widget\" data-settings=\"{&quot;step_next_label&quot;:&quot;Suivant&quot;,&quot;step_previous_label&quot;:&quot;Pr\\u00e9c\\u00e9dent&quot;,&quot;button_width&quot;:&quot;40&quot;,&quot;button_width_tablet&quot;:&quot;40&quot;,&quot;step_type&quot;:&quot;number_text&quot;,&quot;step_icon_shape&quot;:&quot;circle&quot;}\" data-widget_type=\"form.default\">\n\t\t\t\t\t\t\t<form class=\"elementor-form\" method=\"post\" name=\"Formulaire de bulletin d&#039;information\" aria-label=\"Formulaire de bulletin d&#039;information\">\n\t\t\t<input type=\"hidden\" name=\"post_id\" value=\"18030\"\/>\n\t\t\t<input type=\"hidden\" name=\"form_id\" value=\"6a30913d\"\/>\n\t\t\t<input type=\"hidden\" name=\"referer_title\" value=\"actualit\u00e9s iDocta - iDocta\" \/>\n\n\t\t\t\t\t\t\t<input type=\"hidden\" name=\"queried_id\" value=\"18030\"\/>\n\t\t\t\n\t\t\t<div class=\"elementor-form-fields-wrapper elementor-labels-\">\n\t\t\t\t\t\t\t\t<div class=\"elementor-field-type-email elementor-field-group elementor-column elementor-field-group-email elementor-col-60 elementor-md-60 elementor-field-required\">\n\t\t\t\t\t\t\t\t\t\t\t\t<label for=\"form-field-email\" class=\"elementor-field-label elementor-screen-only\">\n\t\t\t\t\t\t\t\tEmail\t\t\t\t\t\t\t<\/label>\n\t\t\t\t\t\t\t\t\t\t\t\t\t\t<input size=\"1\" type=\"email\" name=\"form_fields[email]\" id=\"form-field-email\" class=\"elementor-field elementor-size-md  elementor-field-textual\" placeholder=\"Email\" required=\"required\">\n\t\t\t\t\t\t\t\t\t\t\t<\/div>\n\t\t\t\t\t\t\t\t<div class=\"elementor-field-group elementor-column elementor-field-type-submit elementor-col-40 e-form__buttons elementor-md-40\">\n\t\t\t\t\t<button class=\"elementor-button elementor-size-md\" type=\"submit\">\n\t\t\t\t\t\t<span class=\"elementor-button-content-wrapper\">\n\t\t\t\t\t\t\t\t\t\t\t\t\t\t\t\t\t\t\t\t\t\t<span class=\"elementor-button-text\">S'abonner<\/span>\n\t\t\t\t\t\t\t\t\t\t\t\t\t<\/span>\n\t\t\t\t\t<\/button>\n\t\t\t\t<\/div>\n\t\t\t<\/div>\n\t\t<\/form>\n\t\t\t\t\t\t<\/div>\n\t\t\t\t<\/div>\n\t\t\t\t<\/div>\n\t\t\t\t\t<\/div>\n\t\t\t\t<\/div>\n\t\t\t\t<\/div>\n\t\t","protected":false},"excerpt":{"rendered":"<p>actualit\u00e9s iDocta Restez inform\u00e9(e) de nos actualit\u00e9s et \u00e9v\u00e9nements. Abonnez-vous \u00e0 la newsletter iDocta<\/p>\n","protected":false},"author":2,"featured_media":0,"parent":0,"menu_order":0,"comment_status":"closed","ping_status":"closed","template":"","meta":{"inline_featured_image":false,"footnotes":""},"hf_cat_page":[],"class_list":["post-18030","page","type-page","status-publish","hentry"],"yoast_head":"<!-- This site is optimized with the Yoast SEO Premium plugin v27.4 (Yoast SEO v27.4) - https:\/\/yoast.com\/product\/yoast-seo-premium-wordpress\/ -->\n<title>actualit\u00e9s iDocta - iDocta<\/title>\n<meta name=\"description\" content=\"iDocta nieuws - blijf op de hoogte van alle nieuwtjes binnen iDocta. Voor het serieuze en minder serieuze nieuwtjes.\" \/>\n<meta name=\"robots\" content=\"noindex, follow, max-snippet:-1, max-image-preview:large, max-video-preview:-1\" \/>\n<meta property=\"og:locale\" content=\"fr_FR\" \/>\n<meta property=\"og:type\" content=\"article\" \/>\n<meta property=\"og:title\" content=\"actualit\u00e9s iDocta\" \/>\n<meta property=\"og:description\" content=\"iDocta nieuws - blijf op de hoogte van alle nieuwtjes binnen iDocta. Voor het serieuze en minder serieuze nieuwtjes.\" \/>\n<meta property=\"og:url\" content=\"https:\/\/speelveld.idocta.be\/fr\/idocta-nouvelles\/\" \/>\n<meta property=\"og:site_name\" content=\"iDocta\" \/>\n<meta property=\"article:publisher\" content=\"https:\/\/www.facebook.com\/iDoctaWaregem\" \/>\n<meta property=\"article:modified_time\" content=\"2026-03-31T12:02:06+00:00\" \/>\n<meta name=\"twitter:card\" content=\"summary_large_image\" \/>\n<meta name=\"twitter:label1\" content=\"Dur\u00e9e de lecture estim\u00e9e\" \/>\n\t<meta name=\"twitter:data1\" content=\"1 minute\" \/>\n<script type=\"application\/ld+json\" class=\"yoast-schema-graph\">{\"@context\":\"https:\\\/\\\/schema.org\",\"@graph\":[{\"@type\":\"WebPage\",\"@id\":\"https:\\\/\\\/speelveld.idocta.be\\\/fr\\\/idocta-nouvelles\\\/\",\"url\":\"https:\\\/\\\/speelveld.idocta.be\\\/fr\\\/idocta-nouvelles\\\/\",\"name\":\"actualit\u00e9s iDocta - iDocta\",\"isPartOf\":{\"@id\":\"https:\\\/\\\/speelveld.idocta.be\\\/fr\\\/#website\"},\"datePublished\":\"2024-12-03T15:39:07+00:00\",\"dateModified\":\"2026-03-31T12:02:06+00:00\",\"description\":\"iDocta nieuws - blijf op de hoogte van alle nieuwtjes binnen iDocta. Voor het serieuze en minder serieuze nieuwtjes.\",\"breadcrumb\":{\"@id\":\"https:\\\/\\\/speelveld.idocta.be\\\/fr\\\/idocta-nouvelles\\\/#breadcrumb\"},\"inLanguage\":\"fr-FR\",\"potentialAction\":[{\"@type\":\"ReadAction\",\"target\":[\"https:\\\/\\\/speelveld.idocta.be\\\/fr\\\/idocta-nouvelles\\\/\"]}]},{\"@type\":\"BreadcrumbList\",\"@id\":\"https:\\\/\\\/speelveld.idocta.be\\\/fr\\\/idocta-nouvelles\\\/#breadcrumb\",\"itemListElement\":[{\"@type\":\"ListItem\",\"position\":1,\"name\":\"Home\",\"item\":\"https:\\\/\\\/speelveld.idocta.be\\\/fr\\\/\"},{\"@type\":\"ListItem\",\"position\":2,\"name\":\"actualit\u00e9s iDocta\"}]},{\"@type\":\"WebSite\",\"@id\":\"https:\\\/\\\/speelveld.idocta.be\\\/fr\\\/#website\",\"url\":\"https:\\\/\\\/speelveld.idocta.be\\\/fr\\\/\",\"name\":\"iDocta\",\"description\":\"de one-stop-printershop voor bedrijven\",\"publisher\":{\"@id\":\"https:\\\/\\\/speelveld.idocta.be\\\/fr\\\/#organization\"},\"potentialAction\":[{\"@type\":\"SearchAction\",\"target\":{\"@type\":\"EntryPoint\",\"urlTemplate\":\"https:\\\/\\\/speelveld.idocta.be\\\/fr\\\/?s={search_term_string}\"},\"query-input\":{\"@type\":\"PropertyValueSpecification\",\"valueRequired\":true,\"valueName\":\"search_term_string\"}}],\"inLanguage\":\"fr-FR\"},{\"@type\":\"Organization\",\"@id\":\"https:\\\/\\\/speelveld.idocta.be\\\/fr\\\/#organization\",\"name\":\"iDocta\",\"url\":\"https:\\\/\\\/speelveld.idocta.be\\\/fr\\\/\",\"logo\":{\"@type\":\"ImageObject\",\"inLanguage\":\"fr-FR\",\"@id\":\"https:\\\/\\\/speelveld.idocta.be\\\/fr\\\/#\\\/schema\\\/logo\\\/image\\\/\",\"url\":\"https:\\\/\\\/speelveld.idocta.be\\\/wp-content\\\/uploads\\\/2023\\\/06\\\/iDocta_Flat_Black.svg\",\"contentUrl\":\"https:\\\/\\\/speelveld.idocta.be\\\/wp-content\\\/uploads\\\/2023\\\/06\\\/iDocta_Flat_Black.svg\",\"width\":290,\"height\":74,\"caption\":\"iDocta\"},\"image\":{\"@id\":\"https:\\\/\\\/speelveld.idocta.be\\\/fr\\\/#\\\/schema\\\/logo\\\/image\\\/\"},\"sameAs\":[\"https:\\\/\\\/www.facebook.com\\\/iDoctaWaregem\",\"https:\\\/\\\/www.instagram.com\\\/idocta_canon\\\/\",\"https:\\\/\\\/www.linkedin.com\\\/company\\\/5020430\"]}]}<\/script>\n<!-- \/ Yoast SEO Premium plugin. -->","yoast_head_json":{"title":"actualit\u00e9s iDocta - iDocta","description":"iDocta nieuws - blijf op de hoogte van alle nieuwtjes binnen iDocta. Voor het serieuze en minder serieuze nieuwtjes.","robots":{"index":"noindex","follow":"follow","max-snippet":"max-snippet:-1","max-image-preview":"max-image-preview:large","max-video-preview":"max-video-preview:-1"},"og_locale":"fr_FR","og_type":"article","og_title":"actualit\u00e9s iDocta","og_description":"iDocta nieuws - blijf op de hoogte van alle nieuwtjes binnen iDocta. Voor het serieuze en minder serieuze nieuwtjes.","og_url":"https:\/\/speelveld.idocta.be\/fr\/idocta-nouvelles\/","og_site_name":"iDocta","article_publisher":"https:\/\/www.facebook.com\/iDoctaWaregem","article_modified_time":"2026-03-31T12:02:06+00:00","twitter_card":"summary_large_image","twitter_misc":{"Dur\u00e9e de lecture estim\u00e9e":"1 minute"},"schema":{"@context":"https:\/\/schema.org","@graph":[{"@type":"WebPage","@id":"https:\/\/speelveld.idocta.be\/fr\/idocta-nouvelles\/","url":"https:\/\/speelveld.idocta.be\/fr\/idocta-nouvelles\/","name":"actualit\u00e9s iDocta - iDocta","isPartOf":{"@id":"https:\/\/speelveld.idocta.be\/fr\/#website"},"datePublished":"2024-12-03T15:39:07+00:00","dateModified":"2026-03-31T12:02:06+00:00","description":"iDocta nieuws - blijf op de hoogte van alle nieuwtjes binnen iDocta. Voor het serieuze en minder serieuze nieuwtjes.","breadcrumb":{"@id":"https:\/\/speelveld.idocta.be\/fr\/idocta-nouvelles\/#breadcrumb"},"inLanguage":"fr-FR","potentialAction":[{"@type":"ReadAction","target":["https:\/\/speelveld.idocta.be\/fr\/idocta-nouvelles\/"]}]},{"@type":"BreadcrumbList","@id":"https:\/\/speelveld.idocta.be\/fr\/idocta-nouvelles\/#breadcrumb","itemListElement":[{"@type":"ListItem","position":1,"name":"Home","item":"https:\/\/speelveld.idocta.be\/fr\/"},{"@type":"ListItem","position":2,"name":"actualit\u00e9s iDocta"}]},{"@type":"WebSite","@id":"https:\/\/speelveld.idocta.be\/fr\/#website","url":"https:\/\/speelveld.idocta.be\/fr\/","name":"iDocta","description":"de one-stop-printershop voor bedrijven","publisher":{"@id":"https:\/\/speelveld.idocta.be\/fr\/#organization"},"potentialAction":[{"@type":"SearchAction","target":{"@type":"EntryPoint","urlTemplate":"https:\/\/speelveld.idocta.be\/fr\/?s={search_term_string}"},"query-input":{"@type":"PropertyValueSpecification","valueRequired":true,"valueName":"search_term_string"}}],"inLanguage":"fr-FR"},{"@type":"Organization","@id":"https:\/\/speelveld.idocta.be\/fr\/#organization","name":"iDocta","url":"https:\/\/speelveld.idocta.be\/fr\/","logo":{"@type":"ImageObject","inLanguage":"fr-FR","@id":"https:\/\/speelveld.idocta.be\/fr\/#\/schema\/logo\/image\/","url":"https:\/\/speelveld.idocta.be\/wp-content\/uploads\/2023\/06\/iDocta_Flat_Black.svg","contentUrl":"https:\/\/speelveld.idocta.be\/wp-content\/uploads\/2023\/06\/iDocta_Flat_Black.svg","width":290,"height":74,"caption":"iDocta"},"image":{"@id":"https:\/\/speelveld.idocta.be\/fr\/#\/schema\/logo\/image\/"},"sameAs":["https:\/\/www.facebook.com\/iDoctaWaregem","https:\/\/www.instagram.com\/idocta_canon\/","https:\/\/www.linkedin.com\/company\/5020430"]}]}},"_links":{"self":[{"href":"https:\/\/speelveld.idocta.be\/fr\/wp-json\/wp\/v2\/pages\/18030","targetHints":{"allow":["GET"]}}],"collection":[{"href":"https:\/\/speelveld.idocta.be\/fr\/wp-json\/wp\/v2\/pages"}],"about":[{"href":"https:\/\/speelveld.idocta.be\/fr\/wp-json\/wp\/v2\/types\/page"}],"author":[{"embeddable":true,"href":"https:\/\/speelveld.idocta.be\/fr\/wp-json\/wp\/v2\/users\/2"}],"replies":[{"embeddable":true,"href":"https:\/\/speelveld.idocta.be\/fr\/wp-json\/wp\/v2\/comments?post=18030"}],"version-history":[{"count":8,"href":"https:\/\/speelveld.idocta.be\/fr\/wp-json\/wp\/v2\/pages\/18030\/revisions"}],"predecessor-version":[{"id":19101,"href":"https:\/\/speelveld.idocta.be\/fr\/wp-json\/wp\/v2\/pages\/18030\/revisions\/19101"}],"wp:attachment":[{"href":"https:\/\/speelveld.idocta.be\/fr\/wp-json\/wp\/v2\/media?parent=18030"}],"wp:term":[{"taxonomy":"hf_cat_page","embeddable":true,"href":"https:\/\/speelveld.idocta.be\/fr\/wp-json\/wp\/v2\/hf_cat_page?post=18030"}],"curies":[{"name":"wp","href":"https:\/\/api.w.org\/{rel}","templated":true}]}}